{"id":121,"date":"2022-01-03T11:11:42","date_gmt":"2022-01-03T11:11:42","guid":{"rendered":"https:\/\/belgo-bearings.com\/?page_id=121"},"modified":"2022-01-03T12:38:59","modified_gmt":"2022-01-03T12:38:59","slug":"tapered-roller-bearings","status":"publish","type":"page","link":"https:\/\/belgo-bearings.com\/nl\/tapered-roller-bearings\/","title":{"rendered":"Kegellagers"},"content":{"rendered":"<p>[et_pb_section fb_built=&#8221;1&#8243; _builder_version=&#8221;4.9.6&#8243; _module_preset=&#8221;default&#8221; use_background_color_gradient=&#8221;on&#8221; background_color_gradient_start=&#8221;rgba(0,78,107,0.78)&#8221; background_color_gradient_end=&#8221;rgba(0,78,107,0.78)&#8221; background_color_gradient_overlays_image=&#8221;on&#8221; background_image=&#8221;https:\/\/belgo-bearings.com\/wp-content\/uploads\/2022\/01\/Belgo-Bearings-Various.jpg&#8221; custom_padding=&#8221;0px||5px|||&#8221;][et_pb_row custom_padding_last_edited=&#8221;on|phone&#8221; _builder_version=&#8221;4.9.6&#8243; _module_preset=&#8221;default&#8221; width=&#8221;94%&#8221; max_width=&#8221;1751px&#8221; module_alignment=&#8221;center&#8221; custom_padding=&#8221;63px||34px|||&#8221; custom_padding_tablet=&#8221;&#8221; custom_padding_phone=&#8221;34px||7px||false|false&#8221;][et_pb_column type=&#8221;4_4&#8243; _builder_version=&#8221;4.9.6&#8243; _module_preset=&#8221;default&#8221;][et_pb_text _builder_version=&#8221;4.9.6&#8243; _dynamic_attributes=&#8221;content&#8221; _module_preset=&#8221;default&#8221; text_font=&#8221;Arial|700|||||||&#8221; text_text_color=&#8221;#FFFFFF&#8221; text_font_size=&#8221;46px&#8221; custom_margin=&#8221;||31px|||&#8221; text_font_size_tablet=&#8221;41px&#8221; text_font_size_phone=&#8221;26px&#8221; text_font_size_last_edited=&#8221;on|tablet&#8221;]@ET-DC@eyJkeW5hbWljIjp0cnVlLCJjb250ZW50IjoicG9zdF90aXRsZSIsInNldHRpbmdzIjp7ImJlZm9yZSI6IiIsImFmdGVyIjoiIn19@[\/et_pb_text][\/et_pb_column][\/et_pb_row][\/et_pb_section][et_pb_section fb_built=&#8221;1&#8243; _builder_version=&#8221;4.9.6&#8243; _module_preset=&#8221;default&#8221; custom_padding=&#8221;0px||5px|||&#8221;][et_pb_row _builder_version=&#8221;4.9.6&#8243; _module_preset=&#8221;default&#8221; width=&#8221;95%&#8221; max_width=&#8221;1686px&#8221; module_alignment=&#8221;center&#8221; custom_padding=&#8221;8px|||||&#8221;][et_pb_column type=&#8221;4_4&#8243; _builder_version=&#8221;4.9.6&#8243; _module_preset=&#8221;default&#8221;][et_pb_text _builder_version=&#8221;4.9.6&#8243; _module_preset=&#8221;default&#8221; text_font=&#8221;Arial||||||||&#8221; text_font_size=&#8221;15px&#8221;]<\/p>\n<p style=\"font-weight: 400;\">Tapered roller bearings are used to accommodate large radial and thrust loads in a single direction and consist of the cup (outer ring) and the cone (inner ring), the tapered rollers (rolling elements), the cage (roller retainer).\u00a0<b><strong><br \/><\/strong><\/b><\/p>\n<p style=\"font-weight: 400;\">Belgo tapered roller bearings<span>\u00a0<\/span>are also available in two and four row versions<span>\u00a0<\/span>in order<span>\u00a0<\/span>to support axial loads in either direction.<\/p>\n<p style=\"font-weight: 400;\">Due to high accuracy pressed steel cage of Belgo tapered roller bearings, these bearings are operated in low heat generation and reduced lubrication. In addition to that, it is used high carbon chromium steel as a material technology.<\/p>\n<p>[\/et_pb_text][\/et_pb_column][\/et_pb_row][et_pb_row column_structure=&#8221;3_5,2_5&#8243; _builder_version=&#8221;4.9.6&#8243; _module_preset=&#8221;default&#8221; width=&#8221;95%&#8221; max_width=&#8221;1686px&#8221; module_alignment=&#8221;center&#8221; custom_margin=&#8221;-24px|auto||auto|false|false&#8221; custom_padding=&#8221;7px|||||&#8221;][et_pb_column type=&#8221;3_5&#8243; _builder_version=&#8221;4.9.6&#8243; _module_preset=&#8221;default&#8221;][et_pb_text _builder_version=&#8221;4.9.6&#8243; _module_preset=&#8221;default&#8221; text_font=&#8221;Arial|700|||||||&#8221; text_font_size=&#8221;24px&#8221; custom_margin=&#8221;||12px|||&#8221;]Single &#8211; Row Tapered Roller Bearings[\/et_pb_text][et_pb_text _builder_version=&#8221;4.9.6&#8243; _module_preset=&#8221;default&#8221; text_font=&#8221;Arial||||||||&#8221; text_font_size=&#8221;15px&#8221;]<\/p>\n<p><span>Single &#8211; row tapered roller bearings are widely used in many applications and have a cone and cup with the positive roller alignment which can be mounted separately as well as interchangeable.<\/span><\/p>\n<p><span>Belgo single &#8211; row tapered roller bearings are available in many series and versions :<\/span><\/p>\n<p><span>302 \/ 303 \/ 313 \/ 320 \/ 322 \/ 323 \/ 330 \/ 331 \/ 332<\/span><\/p>\n<p><span>DB : a back to back matched bearing pair<\/span><\/p>\n<p><span>DF : a face to face matched bearing pair<br \/><\/span><\/p>\n<p><span>DT : a tandem matched bearing pair<\/span><\/p>\n<p>[\/et_pb_text][\/et_pb_column][et_pb_column type=&#8221;2_5&#8243; _builder_version=&#8221;4.9.6&#8243; _module_preset=&#8221;default&#8221;][et_pb_image src=&#8221;https:\/\/belgo-bearings.com\/wp-content\/uploads\/2022\/01\/WhatsApp-Image-2021-12-31-at-01.12.23.png&#8221; title_text=&#8221;WhatsApp Image 2021-12-31 at 01.12.23&#8243; align=&#8221;center&#8221; _builder_version=&#8221;4.9.6&#8243; _module_preset=&#8221;default&#8221; width=&#8221;35%&#8221; module_alignment=&#8221;center&#8221; min_height=&#8221;146.9px&#8221; custom_margin=&#8221;38px|||||&#8221; custom_margin_tablet=&#8221;&#8221; custom_margin_phone=&#8221;0px||||false|false&#8221; custom_margin_last_edited=&#8221;on|phone&#8221;][\/et_pb_image][\/et_pb_column][\/et_pb_row][et_pb_row column_structure=&#8221;3_5,2_5&#8243; _builder_version=&#8221;4.9.6&#8243; _module_preset=&#8221;default&#8221; width=&#8221;95%&#8221; max_width=&#8221;1686px&#8221; module_alignment=&#8221;center&#8221; custom_margin=&#8221;-22px|auto||auto|false|false&#8221; custom_padding=&#8221;7px|||||&#8221;][et_pb_column type=&#8221;3_5&#8243; _builder_version=&#8221;4.9.6&#8243; _module_preset=&#8221;default&#8221;][et_pb_text _builder_version=&#8221;4.9.6&#8243; _module_preset=&#8221;default&#8221; text_font=&#8221;Arial|700|||||||&#8221; text_font_size=&#8221;24px&#8221; custom_margin=&#8221;||12px|||&#8221;]Double &#8211; Row Tapered Roller Bearings[\/et_pb_text][et_pb_text _builder_version=&#8221;4.9.6&#8243; _module_preset=&#8221;default&#8221; text_font=&#8221;Arial||||||||&#8221; text_font_size=&#8221;15px&#8221;]<\/p>\n<p><span>Double &#8211; row tapered roller bearings have double cups and two single cones and are used to accommodate high loads in both directions especially in gears, reels, rolling mills and adjusting mechanisms.<\/span><span>\u00a0<\/span><span>The diameters of double &#8211; row spherical roller bearings are indicated in ISO 355.\u00a0<\/span><\/p>\n<p><span>Belgo double &#8211; row tapered roller bearings are available with the rollers in face to face arrangement (TDO) which contains two outer rings, a double inner ring respectively and in back to back arrangement (TDI) which contains a double outer ring and two inner rings. In term of cage production for this type of Belgo bearings, pressed steel cages are used for small &amp; medium &#8211; sized and machined steel or brass for large-sized.<\/span><\/p>\n<p>[\/et_pb_text][\/et_pb_column][et_pb_column type=&#8221;2_5&#8243; _builder_version=&#8221;4.9.6&#8243; _module_preset=&#8221;default&#8221;][et_pb_image src=&#8221;https:\/\/belgo-bearings.com\/wp-content\/uploads\/2022\/01\/double-row-tapered2.jpg&#8221; title_text=&#8221;\u00d0\u00c2\u00d1\u00f4\u00b9\u00e2\u00d6\u00e1\u00b3\u00d0\u00b9\u00ab\u00cb\u00be&#8221; align=&#8221;center&#8221; _builder_version=&#8221;4.9.6&#8243; _module_preset=&#8221;default&#8221; width=&#8221;35%&#8221; module_alignment=&#8221;center&#8221; min_height=&#8221;146.9px&#8221; custom_margin=&#8221;38px|||||&#8221; custom_margin_tablet=&#8221;&#8221; custom_margin_phone=&#8221;0px||||false|false&#8221; custom_margin_last_edited=&#8221;on|phone&#8221;][\/et_pb_image][\/et_pb_column][\/et_pb_row][et_pb_row _builder_version=&#8221;4.9.6&#8243; _module_preset=&#8221;default&#8221; width=&#8221;95%&#8221; max_width=&#8221;1686px&#8221; module_alignment=&#8221;center&#8221; custom_margin=&#8221;-27px|auto||auto|false|false&#8221; custom_padding=&#8221;7px|||||&#8221;][et_pb_column type=&#8221;4_4&#8243; _builder_version=&#8221;4.9.6&#8243; _module_preset=&#8221;default&#8221;][et_pb_text _builder_version=&#8221;4.9.6&#8243; _module_preset=&#8221;default&#8221; text_font=&#8221;Arial|700|||||||&#8221; text_font_size=&#8221;24px&#8221; custom_margin=&#8221;||12px|||&#8221;]Four &#8211; Row Tapered Roller Bearings[\/et_pb_text][et_pb_text _builder_version=&#8221;4.9.6&#8243; _module_preset=&#8221;default&#8221; text_font=&#8221;Arial||||||||&#8221; text_font_size=&#8221;15px&#8221;]<\/p>\n<p><span>Four &#8211; row tapered roller bearings are used to accommodate the highest axial loads capacity as well as radial loads in minimum space especially in rolling mill\u00a0<\/span><span>bearing arrangements.<\/span><\/p>\n<p><span>Belgo four &#8211; row tapered roller bearings are available in different designs :<\/span><\/p>\n<p><span>TQO : Straight bore four -row assembly with one double cup,two single cups, four rows,one cone spacer, two cup spacers having annular groove and lubrication holes and two double cones including helical groove in bore. They are used in low and medium speed rolling mill applications.<\/span><\/p>\n<p><span>TQIT : Tapered bore four &#8211; row assembly with two loose flange rings, two single cones, one double cone, two cone spacers, four pressed steel cages, four rows of rollers, two double cups. They are used in high speed rolling mill applications.<\/span><\/p>\n<p>[\/et_pb_text][\/et_pb_column][\/et_pb_row][\/et_pb_section]<\/p>\n","protected":false},"excerpt":{"rendered":"<p>Tapered roller bearings are used to accommodate large radial and thrust loads in a single direction and consist of the cup (outer ring) and the cone (inner ring), the tapered rollers (rolling elements), the cage (roller retainer).\u00a0 Belgo tapered roller bearings\u00a0are also available in two and four row versions\u00a0in order\u00a0to support axial loads in either [&hellip;]<\/p>\n","protected":false},"author":1,"featured_media":0,"parent":0,"menu_order":0,"comment_status":"closed","ping_status":"closed","template":"","meta":{"_et_pb_use_builder":"on","_et_pb_old_content":"","_et_gb_content_width":"","footnotes":""},"class_list":["post-121","page","type-page","status-publish","hentry"],"_links":{"self":[{"href":"https:\/\/belgo-bearings.com\/nl\/wp-json\/wp\/v2\/pages\/121","targetHints":{"allow":["GET"]}}],"collection":[{"href":"https:\/\/belgo-bearings.com\/nl\/wp-json\/wp\/v2\/pages"}],"about":[{"href":"https:\/\/belgo-bearings.com\/nl\/wp-json\/wp\/v2\/types\/page"}],"author":[{"embeddable":true,"href":"https:\/\/belgo-bearings.com\/nl\/wp-json\/wp\/v2\/users\/1"}],"replies":[{"embeddable":true,"href":"https:\/\/belgo-bearings.com\/nl\/wp-json\/wp\/v2\/comments?post=121"}],"version-history":[{"count":0,"href":"https:\/\/belgo-bearings.com\/nl\/wp-json\/wp\/v2\/pages\/121\/revisions"}],"wp:attachment":[{"href":"https:\/\/belgo-bearings.com\/nl\/wp-json\/wp\/v2\/media?parent=121"}],"curies":[{"name":"wp","href":"https:\/\/api.w.org\/{rel}","templated":true}]}}