{"id":341,"date":"2022-01-03T13:53:59","date_gmt":"2022-01-03T13:53:59","guid":{"rendered":"https:\/\/belgo-bearings.com\/?page_id=341"},"modified":"2022-01-03T13:56:08","modified_gmt":"2022-01-03T13:56:08","slug":"sales-termsconditions","status":"publish","type":"page","link":"https:\/\/belgo-bearings.com\/nl\/sales-termsconditions\/","title":{"rendered":"Sales Terms&#038;Conditions"},"content":{"rendered":"<p>[et_pb_section fb_built=&#8221;1&#8243; _builder_version=&#8221;4.9.6&#8243; _module_preset=&#8221;default&#8221; use_background_color_gradient=&#8221;on&#8221; background_color_gradient_start=&#8221;rgba(0,78,107,0.78)&#8221; background_color_gradient_end=&#8221;rgba(0,78,107,0.78)&#8221; background_color_gradient_overlays_image=&#8221;on&#8221; background_image=&#8221;https:\/\/belgo-bearings.com\/wp-content\/uploads\/2022\/01\/Belgo-Bearings-Various.jpg&#8221; custom_padding=&#8221;0px||5px|||&#8221;][et_pb_row custom_padding_last_edited=&#8221;on|phone&#8221; _builder_version=&#8221;4.9.6&#8243; _module_preset=&#8221;default&#8221; width=&#8221;94%&#8221; max_width=&#8221;1751px&#8221; module_alignment=&#8221;center&#8221; custom_padding=&#8221;63px||34px|||&#8221; custom_padding_tablet=&#8221;&#8221; custom_padding_phone=&#8221;34px||7px||false|false&#8221;][et_pb_column type=&#8221;4_4&#8243; _builder_version=&#8221;4.9.6&#8243; _module_preset=&#8221;default&#8221;][et_pb_text _builder_version=&#8221;4.9.6&#8243; _dynamic_attributes=&#8221;content&#8221; _module_preset=&#8221;default&#8221; text_font=&#8221;Arial|700|||||||&#8221; text_text_color=&#8221;#FFFFFF&#8221; text_font_size=&#8221;46px&#8221; custom_margin=&#8221;||31px|||&#8221; text_font_size_tablet=&#8221;41px&#8221; text_font_size_phone=&#8221;26px&#8221; text_font_size_last_edited=&#8221;on|tablet&#8221;]@ET-DC@eyJkeW5hbWljIjp0cnVlLCJjb250ZW50IjoicG9zdF90aXRsZSIsInNldHRpbmdzIjp7ImJlZm9yZSI6IiIsImFmdGVyIjoiIn19@[\/et_pb_text][\/et_pb_column][\/et_pb_row][\/et_pb_section][et_pb_section fb_built=&#8221;1&#8243; _builder_version=&#8221;4.9.6&#8243; _module_preset=&#8221;default&#8221; custom_padding=&#8221;0px||5px|||&#8221;][et_pb_row _builder_version=&#8221;4.9.6&#8243; _module_preset=&#8221;default&#8221; width=&#8221;95%&#8221; max_width=&#8221;1686px&#8221; module_alignment=&#8221;center&#8221; custom_padding=&#8221;9px|||||&#8221;][et_pb_column type=&#8221;4_4&#8243; _builder_version=&#8221;4.9.6&#8243; _module_preset=&#8221;default&#8221;][et_pb_text _builder_version=&#8221;4.9.6&#8243; _module_preset=&#8221;default&#8221; text_font=&#8221;Arial||||||||&#8221; text_font_size=&#8221;15px&#8221;]<\/p>\n<p style=\"font-weight: 400; text-align: center;\">ARTIKEL 1:<br \/>De koper wordt geacht de verkoopsvoorwaarden zoals<br \/>hierna bedongen, te kennen en te aanvaarden door het<br \/>enkel feit van het plaatsen van een bestelling, de ontvangst<br \/>van de orderbevestiging of de ontvangst van de factuur.<br \/>ARTIKEL 2: BESTELLING EN OFFERTE<br \/>Onze offertes zijn, tenzij anders bedongen, geheel vrijblijvend.<br \/>Wij aanvaarden enkel schriftelijke bestellingen. Mondelinge<br \/>bestellingen daarentegen verbinden ons niet. Indien een<br \/>bestelling minder dan 200\u20ac bedraagt, wordt een<br \/>administratiekost van 20\u20ac aangerekend.<br \/>ARTIKEL 3: INONTVANGSTNEMING, VERVOER<br \/>De koopwaar wordt in ontvangst genomen en aanvaard in<br \/>onze magazijnen, voor hun vertrek. De goederen reizen op<br \/>kosten en op risico van de koper. De inontvangstneming dekt<br \/>de zichtbare gebreken. Deze clausule dekt de conformiteit<br \/>van de koopwaar zowel qua kwantiteit als qua kwaliteit.<br \/>ARTIKEL 4: KWALITEIT<br \/>Behoudens schriftelijke bepaling bij de bestelling omtrent de<br \/>kwaliteit lager die de klant wenst, gebruiken wij de kwaliteit<br \/>lager die volgens ons normaal is volgens de inlichtingen ons<br \/>verschaft door de klant en dit zonder waarborg.<br \/>ARTIKEL 5: KLACHTEN<br \/>Elke andere klacht moet binnen de 8 dagen per aangetekend<br \/>schrijven aan de maatschappelijke zetel ter kennis gebracht<br \/>worden, zodat wij onmiddellijk de nodige vaststellingen<br \/>kunnen doen.<br \/>ARTIKEL 6:<br \/>Onze tussenkomst zal in geval van gegronde klacht steeds<br \/>beperkt blijven tot het vervangen van de levering, zonder enig<br \/>recht vanwege de klant op een bijkomende<br \/>schadevergoeding. Geen klacht kan de opeisbaarheid van de<br \/>facturen uitstellen of vertragen.<br \/>ARTIKEL 7: BETALING<br \/>Behoudens schriftelijk en andersluidend akkoord zijn onze<br \/>facturen betaalbaar te Zellik ofwel 30 dagen einde maand,<br \/>netto, zonder korting ofwel contant binnen de 8 dagen met<br \/>een korting van1%. In geval van laattijdige betaling zal er van<br \/>rechtswege en zonder ingebrekestelling een verwijlintrest van<br \/>12% per jaar vanaf de datum van de vervaldag aangerekend<br \/>worden.<br \/>In geval van gehele of gedeeltelijke niet-betaling van de<br \/>schuld op de vervaldag, zonder ernstige reden, wordt na<br \/>vergeefse ingebrekestelling, het schuldsaldo verhoogd met<br \/>12% bij wijze van forfaitaire vergoeding met een minimum<br \/>van 125 euro, en een maximum van 1.500 euro.<br \/>ARTIKEL 8: BIJKOMENDE WAARBORGEN<br \/>Wij behouden ons het recht voor, voor of gedurende de<br \/>uitvoering van de overeenkomst, waarborgen tot betaling van<br \/>de koopprijs en de uitvoering van de overeenkomst van de<br \/>koper te eisen. Bij weigering kan de overeenkomst steeds<br \/>geheel of zelfs gedeeltelijk ontbonden worden ten laste van<br \/>de koper.<br \/>ARTIKEL 9: EIGENDOMSVOORBEHOUD<br \/>De geleverde goederen blijven onze eigendomtotdat de koper<br \/>aan al zijn verplichtingen, met inbegrip van deze<br \/>verplichtingen voortspruitend uit andere contracten, heeft<br \/>voldaan. Deze clausule doet geen afbreuk aan de risicoovergang naar de koper vanaf de levering.<br \/>ARTIKEL 10: DE ONTBINDING<br \/>Wanneer de koper nalaat zijn verbintenissen uit te voeren,<br \/>kunnen wij het contract van rechtswege en zonder<br \/>ingebrekestelling ontbinden, onverminderd recht op<br \/>schadeloosstelling. De wilsuiting hiertoe per aangetekende<br \/>brief aan de mede-contractant verstuurd, zal hiervoor<br \/>volstaan. Deze bepaling geldt evneeens wanneer in de loop<br \/>van het contract de financi\u00eble situatie van de<br \/>medecontractant zich wijzigt of wanneer wij vrezen de<br \/>garanties van onze schuldvordering te verliezen.<br \/>ARTIKEL 11: GESCHILLEN<br \/>Voor alle geschillen zijn alleen de rechtbanken van het<br \/>rechtsgebied OUDENAARDE bevoegd. De overeenkomsten<br \/>zijn onderworpen aan het Belgische Recht.<br \/>ARTICLE 1 :<br \/>Le co-contractant est r\u00e9put\u00e9 conna\u00eetre et accepter les<br \/>conditions g\u00e9n\u00e9rales \u00e9num\u00e9r\u00e9es ci-apr\u00e8s, par le fait de passer<br \/>la commande ou de recevoir la facture ou la confirmation.<br \/>ARTICLE 2: COMMANDE ET OFFRE<br \/>Sauf stipulations contraires, nos offres s\u2019entendent sans<br \/>engagement. Nous n\u2019acceptons que les commandes \u00e9crites.<br \/>Les commandes verbales non confirm\u00e9es par \u00e9crit ne nous<br \/>engagent pas. En cas de commande inf\u00e9rieure \u00e0 200\u20ac, nous<br \/>facturerons des frais administratifs de 20\u20ac.<br \/>ARTICLE 3: RECEPTION, TRANSPORT<br \/>La r\u00e9ception et l\u2019acceptation de la marchandise a lieu dans<br \/>nos magasins, avant d\u00e9part usine. Les marchandises<br \/>voyagent \u00e0 charge et aux risques et p\u00e9rils de l\u2019acheteur. La<br \/>r\u00e9ception couvre la conformit\u00e9 des marchandises autant en<br \/>ce qui concerne la qualit\u00e9 que la quantit\u00e9.<br \/>ARTICLE 4: QUALITE<br \/>Sauf stipulation \u00e9crite lors de la commande de la qualit\u00e9 du<br \/>roulement que le client d\u00e9sire, nous utilisons la qualit\u00e9 de<br \/>roulement qui d\u2019apr\u00e8s nous est la meilleure suivant les<br \/>renseignements re\u00e7us du cli\u00ebnt, ceci sans garantie.<br \/>ARTICLE 5: RECLAMATIONS<br \/>Toute autre r\u00e9clamation doit \u00eatre faite dans les huit jours de<br \/>la r\u00e9ception des marchandises par lettre recommand\u00e9e<br \/>adress\u00e9e au si\u00e8ge social, afin que nous puissions faire les<br \/>constatations n\u00e9cessaires le plus vite possible.<br \/>ARTICLE 6:<br \/>En cas de r\u00e9clamation fond\u00e9e, nous nous engageons \u00e0 r\u00e9parer<br \/>le travail d\u00e9ficient, et ceci sans aucun droit \u00e0 indemnit\u00e9 ou<br \/>d\u00e9dommagement suppl\u00e9mentaire. Aucune r\u00e9clamation ne<br \/>peut retarder le paiement ou l\u2019exigibilit\u00e9 du montant de la<br \/>facture.<br \/>ARTICLE 7: PAIEMENT<br \/>Sauf accord contraire et \u00e9crit nos factures sont payables \u00e0<br \/>Zellik \u00e0 30 jours fin de mois, net sans escompte ou au<br \/>comptant dans les 8 jours moins 1% d\u2019escompte. Toute<br \/>facture qui reste impay\u00e9e \u00e0 l\u2019\u00e9ch\u00e9ance sera major\u00e9e de plein<br \/>droit et sans aucune sommation avec un int\u00e9r\u00eat<br \/>conventionnel de 12% par an.<br \/>En cas de non-paiement int\u00e9gral ou partiel de la facture \u00e0<br \/>l\u2019\u00e9ch\u00e9ance sans aucun motif valable et apr\u00e8s une mise en<br \/>demeure infructueuse, le solde d\u00fb sera augment\u00e9 de 12%<br \/>avec un minimum de 125 euro et un maximum de 1.500 euro.<br \/>ARTICLE 8: GARANTIES SUPPLEMENTAIRES<br \/>Nous nous r\u00e9servons le droit d\u2019exiger, aussi bien avant que<br \/>durant le contrat, des garanties n\u00e9cessaires pour le paiement<br \/>du prix ou l\u2019ex\u00e9cution du contrat. En cas de refus nous avons<br \/>le droit d\u2019annuler enti\u00e8rement ou partiellement la commande<br \/>\u00e0 charge du co-contractant.<br \/>ARTICLE 9: RESERVE DE PROPRIETE<br \/>Les marchandises livr\u00e9es ne deviennent la propri\u00e9t\u00e9 de<br \/>l\u2019acheteur qu\u2019apr\u00e8s ex\u00e9cution de toutes ses obligations<br \/>contractuelles, inclusif celles qui resultent des autres relations<br \/>contractuelles. Cette clause ne porte pas atteinte au fait que<br \/>le transfert des risques se r\u00e9alise pour le compte de<br \/>l\u2019acheteur d\u00e8s la r\u00e9ception.<br \/>ARTICLE 10: LIEU D\u2019EX\u00c9CUTION DES COMMANDES<br \/>En cas d\u2019inex\u00e9cution par le co-contractant de ses obligations,<br \/>nous pouvons r\u00e9silier la vente de plein droit et sans mise en<br \/>demeure, et ceci sans pr\u00e9judice de nos droits \u00e0 tous<br \/>dommages et int\u00e9r\u00eats. La volont\u00e9 \u00e9voqu\u00e9e par l\u2019envoi d\u2019une<br \/>lettre recommand\u00e9e au co-contractant sera suffisante. Cette<br \/>disposition est \u00e9galement d\u2019application lorsque, en cours<br \/>d\u2019ex\u00e9cution du contrat, la situation financi\u00e8re de l\u2019acheteur<br \/>vient \u00e0 se modifier ou lorsque nous craignons de perdre la<br \/>garantie de la cr\u00e9ance.<br \/>ARTICLE 11: LITIGES<br \/>En cas de litige de quelque nature qu\u2019il soit, seuls les<br \/>tribunaux de l\u2019arrondissement d\u2019 AUDENARDE sont<br \/>comp\u00e9tents. Les conventions sont soumises \u00e0 la loi Belge.<br \/>ARTICLE 1:<br \/>The purchaser is deemed to be conversant with and to accept<br \/>the conditions of sale stipulated below by the simple fact of<br \/>placing an order, receiving the order confirmation or receiving<br \/>the invoice<br \/>ARTICLE 2: ORDER AND QUOTATION<br \/>Unless otherwise stipulated, our quotations are entirely<br \/>without obligation. We only accept written orders. Verbal<br \/>decisions are not binding upon us. In case of orders less than<br \/>200\u20ac, an administration fee of 20\u20ac will be invoiced.<br \/>ARTICLE 3: RECEPTION AND CARRIAGE OF<br \/>GOODS<br \/>Merchandise is received and accepted in our warehouses,<br \/>prior to its distribution to the end customer. Goods travel at<br \/>the cost and risk of the purchaser. The reception of goods<br \/>covers visible defects. This clause covers the compliance of<br \/>the merchandise with respect to both quantity and quality.<br \/>ARTICLE 4: QUALITY<br \/>Except when there are written stipulations in the order<br \/>regarding the quality of bearing, as specified by the customer,<br \/>we will despatch the quality of bearing that we regard as<br \/>usual in the circumstances, according to the information given<br \/>to us by the customer, and without any guarantee as regards<br \/>performance.<br \/>ARTICLE 5: COMPLAINTS<br \/>Any other complaints must be communicated to us within 8<br \/>days by registered post to our registered office, so that we<br \/>can immediately carry out the necessary investigations.<br \/>ARTICLE 6:<br \/>In the event of a legitimate complaint, our intervention will be<br \/>limited to replacing the offending goods, without any right on<br \/>the part of the customer to additional compensation. No<br \/>complaint may be a reason for postponement or delay in the<br \/>payment of our invoices.<br \/>ARTICLE 7: PAYMENT<br \/>Unless agreed in writing to the contrary, our invoices are<br \/>payable in Zellik, Belgium either within 30 days end of month,<br \/>net without discount, or cash 8 days -1%.<br \/>In the event of late payment, interest on overdue payments,<br \/>at 12% per annum will be charged, payable as from the due<br \/>date, in accordance with the law and without notice of<br \/>default. In the event of non payment in total or partially on<br \/>the due date without any reasonable complaint and after<br \/>serving notice upon the debtor, the remaining amount will be<br \/>increased by 12% with a minimum of 125 euro and a<br \/>maximum of 1.500 euro.<br \/>ARTICLE 8: ADDITIONAL GUARANTEES<br \/>We reserve the right, before or during the execution of the<br \/>contract, to demand guarantees from the purchaser with<br \/>respect to the payment of the purchase price and the<br \/>execution of the contract. Should he refuse to provide such<br \/>guarantees, the contract can be dissolved wholly or in part at<br \/>the Purchaser\u2019s expense, at any time.<br \/>ARTICLE 9: RETENTION OF TITLE<br \/>The goods delivered remain our property until the purchaser<br \/>has fulfilled all his obligations, including any obligations<br \/>resulting from other contracts. This clause does not affect the<br \/>transfer of risk to the purchaser upon delivery.<br \/>ARTICLE 10: DISSOLUTION<br \/>If the purchaser fails to fulfil his obligations, we can dissolve<br \/>the contract legally and without prior notice of default, and<br \/>without prejudicing our right to claim damages. A declaration<br \/>of intent to do so, sent by registered post to the other<br \/>contracting party, will be sufficient. This stipulation also<br \/>applies if the financial situation of the other contracting party<br \/>changes during the course of the contract or if we fear that<br \/>we may be in danger of losing our guaranties relating to the<br \/>collection of the debt.<br \/>ARTICLE 11: DISPUTES<br \/>The courts of the judicial district of OUDENAARDE, Belgium<br \/>have exclusive jurisdiction over any disputes relating hereto.<br \/>Belgian law governs all contracts.<\/p>\n<p>[\/et_pb_text][\/et_pb_column][\/et_pb_row][\/et_pb_section]<\/p>\n","protected":false},"excerpt":{"rendered":"<p>ARTIKEL 1:De koper wordt geacht de verkoopsvoorwaarden zoalshierna bedongen, te kennen en te aanvaarden door hetenkel feit van het plaatsen van een bestelling, de ontvangstvan de orderbevestiging of de ontvangst van de factuur.ARTIKEL 2: BESTELLING EN OFFERTEOnze offertes zijn, tenzij anders bedongen, geheel vrijblijvend.Wij aanvaarden enkel schriftelijke bestellingen. Mondelingebestellingen daarentegen verbinden ons niet. Indien eenbestelling [&hellip;]<\/p>\n","protected":false},"author":1,"featured_media":0,"parent":0,"menu_order":0,"comment_status":"closed","ping_status":"closed","template":"","meta":{"_et_pb_use_builder":"on","_et_pb_old_content":"","_et_gb_content_width":"","footnotes":""},"class_list":["post-341","page","type-page","status-publish","hentry"],"_links":{"self":[{"href":"https:\/\/belgo-bearings.com\/nl\/wp-json\/wp\/v2\/pages\/341","targetHints":{"allow":["GET"]}}],"collection":[{"href":"https:\/\/belgo-bearings.com\/nl\/wp-json\/wp\/v2\/pages"}],"about":[{"href":"https:\/\/belgo-bearings.com\/nl\/wp-json\/wp\/v2\/types\/page"}],"author":[{"embeddable":true,"href":"https:\/\/belgo-bearings.com\/nl\/wp-json\/wp\/v2\/users\/1"}],"replies":[{"embeddable":true,"href":"https:\/\/belgo-bearings.com\/nl\/wp-json\/wp\/v2\/comments?post=341"}],"version-history":[{"count":0,"href":"https:\/\/belgo-bearings.com\/nl\/wp-json\/wp\/v2\/pages\/341\/revisions"}],"wp:attachment":[{"href":"https:\/\/belgo-bearings.com\/nl\/wp-json\/wp\/v2\/media?parent=341"}],"curies":[{"name":"wp","href":"https:\/\/api.w.org\/{rel}","templated":true}]}}