{"id":86,"date":"2022-01-03T11:06:37","date_gmt":"2022-01-03T11:06:37","guid":{"rendered":"https:\/\/belgo-bearings.com\/?page_id=86"},"modified":"2022-01-03T12:28:54","modified_gmt":"2022-01-03T12:28:54","slug":"mining","status":"publish","type":"page","link":"https:\/\/belgo-bearings.com\/tr\/mining\/","title":{"rendered":"Madencilik"},"content":{"rendered":"<p>[et_pb_section fb_built=&#8221;1&#8243; _builder_version=&#8221;4.9.6&#8243; _module_preset=&#8221;default&#8221; use_background_color_gradient=&#8221;on&#8221; background_color_gradient_start=&#8221;rgba(0,78,107,0.78)&#8221; background_color_gradient_end=&#8221;rgba(0,78,107,0.78)&#8221; background_color_gradient_overlays_image=&#8221;on&#8221; background_image=&#8221;https:\/\/belgo-bearings.com\/wp-content\/uploads\/2022\/01\/Belgo-Bearings-Various.jpg&#8221; custom_padding=&#8221;0px||5px|||&#8221;][et_pb_row custom_padding_last_edited=&#8221;on|phone&#8221; _builder_version=&#8221;4.9.6&#8243; _module_preset=&#8221;default&#8221; width=&#8221;94%&#8221; max_width=&#8221;1751px&#8221; module_alignment=&#8221;center&#8221; custom_padding=&#8221;63px||34px|||&#8221; custom_padding_tablet=&#8221;&#8221; custom_padding_phone=&#8221;34px||7px||false|false&#8221;][et_pb_column type=&#8221;4_4&#8243; _builder_version=&#8221;4.9.6&#8243; _module_preset=&#8221;default&#8221;][et_pb_text _builder_version=&#8221;4.9.6&#8243; _dynamic_attributes=&#8221;content&#8221; _module_preset=&#8221;default&#8221; text_font=&#8221;Arial|700|||||||&#8221; text_text_color=&#8221;#FFFFFF&#8221; text_font_size=&#8221;46px&#8221; custom_margin=&#8221;||31px|||&#8221; text_font_size_tablet=&#8221;41px&#8221; text_font_size_phone=&#8221;26px&#8221; text_font_size_last_edited=&#8221;on|tablet&#8221;]@ET-DC@eyJkeW5hbWljIjp0cnVlLCJjb250ZW50IjoicG9zdF90aXRsZSIsInNldHRpbmdzIjp7ImJlZm9yZSI6IiIsImFmdGVyIjoiIn19@[\/et_pb_text][\/et_pb_column][\/et_pb_row][\/et_pb_section][et_pb_section fb_built=&#8221;1&#8243; _builder_version=&#8221;4.9.6&#8243; _module_preset=&#8221;default&#8221; custom_padding=&#8221;0px||5px|||&#8221;][et_pb_row _builder_version=&#8221;4.9.6&#8243; _module_preset=&#8221;default&#8221; width=&#8221;95%&#8221; max_width=&#8221;1686px&#8221; module_alignment=&#8221;center&#8221; custom_padding=&#8221;10px||12px|||&#8221;][et_pb_column type=&#8221;4_4&#8243; _builder_version=&#8221;4.9.6&#8243; _module_preset=&#8221;default&#8221;][et_pb_text _builder_version=&#8221;4.9.6&#8243; _module_preset=&#8221;default&#8221; text_font=&#8221;Arial||||||||&#8221; text_font_size=&#8221;15px&#8221;]<\/p>\n<p style=\"font-weight: 400;\" class=\" translation-block\"><span><b><strong>Belgo<\/strong><\/b><b><strong>\u00ae<\/strong><\/b>\u00a0Rulmanlar, rulmanl\u0131 rulmanlar, sabit bilyal\u0131 rulmanlar ile zorlu \u00e7evre ve \u00e7al\u0131\u015fma ko\u015fullar\u0131nda \u00e7al\u0131\u015f\u0131r, oynak makaral\u0131 rulmanlar ve konik makaral\u0131 rulmanlar.<\/span><\/p>\n<p style=\"font-weight: 400;\"><span>Madencilik, in\u015faat, tar\u0131m ve a\u011f\u0131r kamyon pazarlar\u0131ndaki tecr\u00fcbemiz sayesinde, madenlerin kirli, zorlu ortamlar\u0131nda performans g\u00f6sterebilen, g\u00fcvenilirlik ve \u00f6m\u00fcr gereksinimlerini a\u015fan \u00fcr\u00fcnlere sahibiz.<\/span><\/p>\n<p style=\"font-weight: 400;\" class=\" translation-block\"><span>Rulmanlar i\u00e7in en zorlu end\u00fcstriyel ekipman uygulamalar\u0131ndan biri, titre\u015fimli elekler veya \u00e7alkalay\u0131c\u0131 eleklerdir. <\/span><span><b><strong>Belgo<\/strong><\/b><b><strong>\u00ae<\/strong><\/b>\u00a0Rulmanlar<\/span><span>\u00a0\u00f6zel bir \u00fcr\u00fcn yelpazesi geli\u015ftirdi <b><strong>Belgo<\/strong><\/b>&lt;b&#039;un temel \u00f6zelliklerini \u00f6\u011frenebilece\u011finiz, \u00e7alkalay\u0131c\u0131 eleklerde ve t\u00fcm titre\u015fimli ekipmanlarda bulunan zorlu uygulamalar i\u00e7in \u00f6zel olarak tasarlanm\u0131\u015f oynak makaral\u0131 rulmanlar\u00a0<\/span><span> &gt;<strong>\u00ae<\/strong><\/b>\u00a0Bu sekt\u00f6rdeki rulmanlar a\u015fa\u011f\u0131daki gibidir<\/span><\/p>\n<ul style=\"font-weight: 400;\">\n<li>Titre\u015fimlere ve ilgili ar\u0131zalara dayan\u0131kl\u0131 sa\u011flam pirin\u00e7 kafes<\/li>\n<li>Rulman \u00f6mr\u00fcn\u00fc art\u0131ran daha y\u00fcksek standart y\u00fck derecesi<\/li>\n<li>Titre\u015fimli uygulamalarda d\u00fczg\u00fcn \u00e7al\u0131\u015fmay\u0131 sa\u011flayan daha s\u0131k\u0131 toleranslar<\/li>\n<\/ul>\n<p style=\"font-weight: 400;\" class=\" translation-block\"><span><b><strong>Belgo<\/strong><\/b><b><strong>\u00ae<\/strong><\/b>\u00a0Rulmanlar<\/span><span>\u00a010SC'de kullan\u0131m i\u00e7in eksiksiz tekerlek kitleri sunar ve 21SC mekik arabalar\u0131, eksiksiz bir kit veya bile\u015fenler olarak mevcuttur. Konvey\u00f6r kay\u0131\u015f tahrikleri i\u00e7in, eksiksiz bir yast\u0131k blok hatt\u0131m\u0131z ve eksiksiz bir birinci s\u0131n\u0131f oynak makaral\u0131 rulman hatt\u0131m\u0131z var. Ek olarak, s\u00fcrekli madenciler i\u00e7in kesici kafalarda ve toplama kaplar\u0131nda kullan\u0131m i\u00e7in eksiksiz bir kasa karbonlu, konik makaral\u0131 rulman serisi sunuyoruz.<\/span><\/p>\n<p style=\"font-weight: 400;\" class=\" translation-block\"><span>Madencilik ve \u0130\u015flemeden Nakliye A\u015famalar\u0131na,\u00a0<b><strong>Belgo<\/strong><\/b><b><strong>\u00ae<\/strong><\/b>\u00a0Uygulamalar\u0131n\u0131z i\u00e7in rulmanlar hizmetinizdedir ! <\/span><\/p>\n<p style=\"font-weight: 400;\" class=\" translation-block\"><b><strong><span>Belgo<\/span><\/strong><\/b><b><strong><span>\u00ae<\/span><\/strong><\/b><b><strong> <span>\u00a0Derin Bilyal\u0131 Rulmanlar (Seri 62; 63 | Tasar\u0131m 2ZR ve 2RSR<\/span><\/strong><\/b><span>)<\/span><\/p>\n<p style=\"font-weight: 400;\"><span>Bu tip rulmanlar esas olarak toz kalkanlar\u0131 ve \u00e7ift tarafl\u0131 ke\u00e7eler ile s\u0131zd\u0131rmaz olarak ve hizmet \u00f6m\u00fcrlerini artt\u0131rmak i\u00e7in gres ile doldurularak kullan\u0131lmaktad\u0131r.<\/span><\/p>\n<p style=\"font-weight: 400;\" class=\" translation-block\"><b><strong><span>Belgo<\/span><\/strong><\/b><b><strong><span>\u00ae<\/span><\/strong><\/b><span> Rulman Uygulamalar\u0131 madencilik sekt\u00f6r\u00fc :<\/span><\/p>\n<ul>\n<li style=\"font-weight: 400;\"><span><\/span><span>H\u0131z d\u00fc\u015f\u00fcr\u00fcc\u00fcler (tekerlekli y\u00fckleyici)<\/span><\/li>\n<li style=\"font-weight: 400;\"><span><\/span><span>Tork konvert\u00f6r\u00fc (paletli dozer)<\/span><\/li>\n<li style=\"font-weight: 400;\"><span><\/span><span>Motorlar (hidrolik Ekskavat\u00f6r)<\/span><\/li>\n<li style=\"font-weight: 400;\"><span><\/span><span>\u015eanz\u0131man (tekerlekli y\u00fckleyici)<\/span><\/li>\n<\/ul>\n<p style=\"font-weight: 400;\" class=\" translation-block\"><b><strong><span>Belgo<\/span><\/strong><\/b><b><strong><span>\u00ae<\/span><\/strong><\/b><span>\u00a0Rulmanlar Sabit Bilyal\u0131 Rulmanlar :<\/span><\/p>\n<ul>\n<li style=\"font-weight: 400;\"><span><\/span><span>\u00c7al\u0131\u015fma s\u0131cakl\u0131\u011f\u0131n\u0131n d\u00fc\u015f\u00fcr\u00fclmesi<\/span><\/li>\n<li style=\"font-weight: 400;\"><span><\/span><span>Rulmanda azalt\u0131lm\u0131\u015f s\u00fcrt\u00fcnme<\/span><\/li>\n<li style=\"font-weight: 400;\"><span><\/span><span>A\u015f\u0131nmay\u0131 azalt\u0131n<\/span><\/li>\n<\/ul>\n<p style=\"font-weight: 400;\" class=\" translation-block\"><b><strong><span>Belgo<\/span><\/strong><\/b><b><strong><span>\u00ae<\/span><\/strong><\/b><b><strong> <span>\u00a0Silindirik Makaral\u0131 Rulmanlar (Seri 02; 03; 22; | Tasar\u0131m NU, NJ, NUP<\/span><\/strong><\/b><span>)<\/span><\/p>\n<p style=\"font-weight: 400;\" class=\" translation-block\"><span>Madencilik end\u00fcstrisinde, makaral\u0131 kanallarda optimize edilmi\u015f profil olan y\u00fcksek y\u00fck kapasitesini art\u0131rmak i\u00e7in gerilim da\u011f\u0131l\u0131m\u0131n\u0131 optimize etmek i\u00e7in bunlar\u0131 esas olarak E ve EM serilerinde \u00fcretir ve tasarlar\u0131z. <b><strong>Belgo<\/strong><\/b><b><strong>\u00ae<\/strong><\/b>\u00a0Rulmanlar\u0131n kapasitesi standart \u00e7\u00f6z\u00fcmle s\u0131n\u0131rl\u0131 de\u011fildir, ayr\u0131ca \u00f6zel i\u00e7 tasar\u0131mlar\u0131m\u0131z sayesinde daha y\u00fcksek hiza bozukluklar\u0131na da uyum sa\u011flayabilir .<\/span><\/p>\n<p style=\"font-weight: 400;\" class=\" translation-block\"><b><strong><span>Belgo<\/span><\/strong><\/b><b><strong><span>\u00ae<\/span><\/strong><\/b><span> Rulman Uygulamalar\u0131 madencilik sekt\u00f6r\u00fc :<\/span><\/p>\n<ul>\n<li style=\"font-weight: 400;\"><span><\/span><span>Arazi arac\u0131 (diferansiyel)<\/span><\/li>\n<li style=\"font-weight: 400;\"><span><\/span><span>Hidrolik k\u00fcrek (H\u0131z d\u00fc\u015f\u00fcr\u00fcc\u00fc, pompa)<\/span><\/li>\n<li style=\"font-weight: 400;\"><span><\/span><span>Paletli dezer (\u015eanz\u0131man, Tork Konvert\u00f6r\u00fc<\/span><\/li>\n<li style=\"font-weight: 400;\"><span><\/span><span>Konik k\u0131r\u0131c\u0131<\/span><\/li>\n<li style=\"font-weight: 400;\"><span><\/span><span>Tekerlekli y\u00fckleyici (\u015eanz\u0131man)<\/span><\/li>\n<\/ul>\n<p style=\"font-weight: 400;\" class=\" translation-block\"><b><strong><span>Belgo<\/span><\/strong><\/b><b><strong><span>\u00ae<\/span><\/strong><\/b><span>\u00a0Rulmanlar Silindirik Makaral\u0131 Rulmanlar :<\/span><\/p>\n<ul>\n<li style=\"font-weight: 400;\"><span><\/span><span>Y\u00fck derecelendirmelerinin artmas\u0131<\/span><\/li>\n<li style=\"font-weight: 400;\"><span><\/span><span>Azalt\u0131lm\u0131\u015f temas bas\u0131nc\u0131<\/span><\/li>\n<li style=\"font-weight: 400;\"><span><\/span><span>Artan ya\u015fam derecesi<\/span><\/li>\n<li style=\"font-weight: 400;\"><span><\/span><span>Geli\u015ftirilmi\u015f ya\u011flay\u0131c\u0131 film olu\u015fumu<\/span><\/li>\n<li style=\"font-weight: 400;\"><span><\/span><span>150\u00b0C'ye kadar \u00e7al\u0131\u015fma s\u0131cakl\u0131\u011f\u0131<\/span><\/li>\n<li style=\"font-weight: 400;\"><span><\/span><span>Rulmanda azalt\u0131lm\u0131\u015f s\u00fcrt\u00fcnme<\/span><\/li>\n<li style=\"font-weight: 400;\"><span><\/span><span>Daha y\u00fcksek eksenel y\u00fckleri tutma yetene\u011fi<\/span><\/li>\n<\/ul>\n<p style=\"font-weight: 400;\" class=\" translation-block\"><b><strong><span>Belgo<\/span><\/strong><\/b><b><strong><span>\u00ae<\/span><\/strong><\/b><b><strong> <span>\u00a0Yuvarlak Makaral\u0131 Rulmanlar (Seri 213; 222;223; 230; 231; 232; 239; 240; 241<\/span><\/strong><\/b><span>)<\/span><\/p>\n<p style=\"font-weight: 400;\" class=\" translation-block\"><span>Yuvarlak makaral\u0131 rulman, makine performans\u0131n\u0131 da etkileyen kritik uygulamalarda kullan\u0131ld\u0131\u011f\u0131 i\u00e7in madencilik end\u00fcstrisinde ana rol\u00fc oynamaktad\u0131r. \u00d6zel\u00a0<b><strong>Belgo<\/strong><\/b><b><strong>\u00ae<\/strong><\/b>\u00a0K\u00fcrek Makaral\u0131 Rulmanlar\u0131m\u0131z sayesinde, onlar\u0131 g\u00f6rev pirin\u00e7lerimizle maksimum kullan\u0131m \u00f6mr\u00fc elde edecek \u015fekilde tasarl\u0131yoruz. kafesler ve optimize edilmi\u015f son i\u015flem.<\/span><\/p>\n<p style=\"font-weight: 400;\"><span>\u015eok y\u00fckleri ve a\u011f\u0131r \u015fartlar g\u00f6z \u00f6n\u00fcne al\u0131narak CA serilerimiz m\u00fc\u015fterilerimiz taraf\u0131ndan a\u011f\u0131rl\u0131kl\u0131 olarak tercih edilmektedir.<\/span><\/p>\n<p style=\"font-weight: 400;\" class=\" translation-block\"><b><strong><span>Belgo<\/span><\/strong><\/b><b><strong><span>\u00ae<\/span><\/strong><\/b><span> Rulman Uygulamalar\u0131 madencilik sekt\u00f6r\u00fc :<\/span><\/p>\n<ul>\n<li style=\"font-weight: 400;\"><span><\/span><span>Titre\u015fimli ekran<\/span><\/li>\n<li style=\"font-weight: 400;\"><span><\/span><span>Darbeli k\u0131r\u0131c\u0131<\/span><\/li>\n<li style=\"font-weight: 400;\"><span><\/span><span>Paletli dozer (\u015eanz\u0131man)<\/span><\/li>\n<li style=\"font-weight: 400;\"><span><\/span><span>\u00c7ene k\u0131r\u0131c\u0131<\/span><\/li>\n<\/ul>\n<p style=\"font-weight: 400;\" class=\" translation-block\"><b><strong><span>Belgo<\/span><\/strong><\/b><b><strong><span>\u00ae<\/span><\/strong><\/b><span>\u00a0Rulmanlar Oynak Makaral\u0131 Rulmanlar :<\/span><\/p>\n<ul>\n<li style=\"font-weight: 400;\"><span><\/span><span>Temas y\u00fczeyleri aras\u0131nda optimum ya\u011f filmi<\/span><\/li>\n<li style=\"font-weight: 400;\"><span><\/span><span>\u00c7al\u0131\u015fma s\u0131cakl\u0131\u011f\u0131n\u0131n d\u00fc\u015f\u00fcr\u00fclmesi<\/span><\/li>\n<li style=\"font-weight: 400;\"><span><\/span><span>A\u015f\u0131nmay\u0131 azalt\u0131n<\/span><\/li>\n<li style=\"font-weight: 400;\"><span><\/span><span>Daha uzun \u00f6m\u00fcr ve y\u00fcksek sertlik<\/span><\/li>\n<li style=\"font-weight: 400;\"><span><\/span><span>Art\u0131k \u00f6stenit i\u00e7in k\u00fc\u00e7\u00fck de\u011ferler<\/span><\/li>\n<\/ul>\n<p style=\"font-weight: 400;\" class=\" translation-block\"><b><strong><span>Belgo<\/span><\/strong><\/b><b><strong><span>\u00ae<\/span><\/strong><\/b><b><strong> <span>\u00a0Konik Makaral\u0131 Rulmanlar (Seri 30; 31; 32<\/span><\/strong><\/b><span>)<\/span><\/p>\n<p style=\"font-weight: 400;\"><span>Hem radyal hem de eksenel y\u00fckleri bar\u0131nd\u0131rmak i\u00e7in temel \u00f6zellikleri olarak, daha b\u00fcy\u00fck temas a\u00e7\u0131s\u0131na sahip olarak daha fazla eksenel y\u00fck kapasitesi sa\u011flarlar.<\/span><\/p>\n<p style=\"font-weight: 400;\" class=\" translation-block\"><b><strong><span>Belgo<\/span><\/strong><\/b><b><strong><span>\u00ae<\/span><\/strong><\/b><span> Rulman Uygulamalar\u0131 madencilik sekt\u00f6r\u00fc :<\/span><\/p>\n<ul>\n<li style=\"font-weight: 400;\"><span><\/span><span>Y\u00fck kamyonu<\/span><\/li>\n<li style=\"font-weight: 400;\"><span><\/span><span>Darbeli k\u0131r\u0131c\u0131<\/span><\/li>\n<li style=\"font-weight: 400;\"><span><\/span><span>Elektrikli K\u00fcrekler<\/span><\/li>\n<li style=\"font-weight: 400;\"><span><\/span><span>Konik k\u0131r\u0131c\u0131<\/span><\/li>\n<li style=\"font-weight: 400;\"><span><\/span><span>Tekerlekli y\u00fckleyici (\u015eanz\u0131man, \u00d6n Aks)<\/span><\/li>\n<li style=\"font-weight: 400;\"><span><\/span><span>Hidrolik K\u00fcrek (Motorlar)<\/span><\/li>\n<\/ul>\n<p style=\"font-weight: 400;\" class=\" translation-block\"><b><strong><span>Belgo<\/span><\/strong><\/b><b><strong><span>\u00ae<\/span><\/strong><\/b><span>\u00a0Rulmanlar Konik Makaral\u0131 Rulmanlar :<\/span><\/p>\n<ul>\n<li style=\"font-weight: 400;\"><span><\/span><span>Rulmanlarda azalt\u0131lm\u0131\u015f s\u00fcrt\u00fcnme<\/span><\/li>\n<li style=\"font-weight: 400;\"><span><\/span><span>Optimize edilmi\u015f y\u00fck da\u011f\u0131l\u0131m\u0131<\/span><\/li>\n<li style=\"font-weight: 400;\"><span><\/span><span>\u00c7al\u0131\u015fma s\u0131cakl\u0131\u011f\u0131n\u0131n d\u00fc\u015f\u00fcr\u00fclmesi<\/span><\/li>\n<\/ul>\n<p>[\/et_pb_text][\/et_pb_column][\/et_pb_row][\/et_pb_section]<\/p>","protected":false},"excerpt":{"rendered":"<p>Belgo\u00ae\u00a0Bearings operate in severe environmental and operating conditions with rolling bearings, deep groove ball bearings, spherical roller bearings and tapered roller bearings. Thanks to our experience in the mining, construction, agriculture, and heavy-duty truck markets, we have the products capable of performing in the dirty, harsh environments of mines and exceeding reliability and life requirements. [&hellip;]<\/p>","protected":false},"author":1,"featured_media":0,"parent":0,"menu_order":0,"comment_status":"closed","ping_status":"closed","template":"","meta":{"_et_pb_use_builder":"on","_et_pb_old_content":"","_et_gb_content_width":"","footnotes":""},"class_list":["post-86","page","type-page","status-publish","hentry"],"yoast_head":"<!-- This site is optimized with the Yoast SEO plugin v25.2 - https:\/\/yoast.com\/wordpress\/plugins\/seo\/ -->\n<title>Mining - Belgo Bearings<\/title>\n<meta name=\"robots\" content=\"index, follow, max-snippet:-1, max-image-preview:large, max-video-preview:-1\" \/>\n<link rel=\"canonical\" href=\"https:\/\/belgo-bearings.com\/tr\/mining\/\" \/>\n<meta property=\"og:locale\" content=\"tr_TR\" \/>\n<meta property=\"og:type\" content=\"article\" \/>\n<meta property=\"og:title\" content=\"Mining - Belgo Bearings\" \/>\n<meta property=\"og:description\" content=\"Belgo\u00ae\u00a0Bearings operate in severe environmental and operating conditions with rolling bearings, deep groove ball bearings, spherical roller bearings and tapered roller bearings. Thanks to our experience in the mining, construction, agriculture, and heavy-duty truck markets, we have the products capable of performing in the dirty, harsh environments of mines and exceeding reliability and life requirements. [&hellip;]\" \/>\n<meta property=\"og:url\" content=\"https:\/\/belgo-bearings.com\/tr\/mining\/\" \/>\n<meta property=\"og:site_name\" content=\"Belgo Bearings\" \/>\n<meta property=\"article:modified_time\" content=\"2022-01-03T12:28:54+00:00\" \/>\n<meta name=\"twitter:card\" content=\"summary_large_image\" \/>\n<meta name=\"twitter:label1\" content=\"Tahmini okuma s\u00fcresi\" \/>\n\t<meta name=\"twitter:data1\" content=\"4 dakika\" \/>\n<script type=\"application\/ld+json\" class=\"yoast-schema-graph\">{\"@context\":\"https:\/\/schema.org\",\"@graph\":[{\"@type\":\"WebPage\",\"@id\":\"https:\/\/belgo-bearings.com\/en\/mining\/\",\"url\":\"https:\/\/belgo-bearings.com\/en\/mining\/\",\"name\":\"Mining - Belgo Bearings\",\"isPartOf\":{\"@id\":\"https:\/\/belgo-bearings.com\/ar\/#website\"},\"datePublished\":\"2022-01-03T11:06:37+00:00\",\"dateModified\":\"2022-01-03T12:28:54+00:00\",\"breadcrumb\":{\"@id\":\"https:\/\/belgo-bearings.com\/en\/mining\/#breadcrumb\"},\"inLanguage\":\"tr\",\"potentialAction\":[{\"@type\":\"ReadAction\",\"target\":[\"https:\/\/belgo-bearings.com\/en\/mining\/\"]}]},{\"@type\":\"BreadcrumbList\",\"@id\":\"https:\/\/belgo-bearings.com\/en\/mining\/#breadcrumb\",\"itemListElement\":[{\"@type\":\"ListItem\",\"position\":1,\"name\":\"Anasayfa\",\"item\":\"https:\/\/belgo-bearings.com\/\"},{\"@type\":\"ListItem\",\"position\":2,\"name\":\"Mining\"}]},{\"@type\":\"WebSite\",\"@id\":\"https:\/\/belgo-bearings.com\/ar\/#website\",\"url\":\"https:\/\/belgo-bearings.com\/ar\/\",\"name\":\"Belgo Bearings\",\"description\":\"Go for Revolutionary Engineering\",\"potentialAction\":[{\"@type\":\"SearchAction\",\"target\":{\"@type\":\"EntryPoint\",\"urlTemplate\":\"https:\/\/belgo-bearings.com\/ar\/?s={search_term_string}\"},\"query-input\":{\"@type\":\"PropertyValueSpecification\",\"valueRequired\":true,\"valueName\":\"search_term_string\"}}],\"inLanguage\":\"tr\"}]}<\/script>\n<!-- \/ Yoast SEO plugin. -->","yoast_head_json":{"title":"Mining - Belgo Bearings","robots":{"index":"index","follow":"follow","max-snippet":"max-snippet:-1","max-image-preview":"max-image-preview:large","max-video-preview":"max-video-preview:-1"},"canonical":"https:\/\/belgo-bearings.com\/tr\/mining\/","og_locale":"tr_TR","og_type":"article","og_title":"Mining - Belgo Bearings","og_description":"Belgo\u00ae\u00a0Bearings operate in severe environmental and operating conditions with rolling bearings, deep groove ball bearings, spherical roller bearings and tapered roller bearings. Thanks to our experience in the mining, construction, agriculture, and heavy-duty truck markets, we have the products capable of performing in the dirty, harsh environments of mines and exceeding reliability and life requirements. [&hellip;]","og_url":"https:\/\/belgo-bearings.com\/tr\/mining\/","og_site_name":"Belgo Bearings","article_modified_time":"2022-01-03T12:28:54+00:00","twitter_card":"summary_large_image","twitter_misc":{"Tahmini okuma s\u00fcresi":"4 dakika"},"schema":{"@context":"https:\/\/schema.org","@graph":[{"@type":"WebPage","@id":"https:\/\/belgo-bearings.com\/en\/mining\/","url":"https:\/\/belgo-bearings.com\/en\/mining\/","name":"Mining - Belgo Bearings","isPartOf":{"@id":"https:\/\/belgo-bearings.com\/ar\/#website"},"datePublished":"2022-01-03T11:06:37+00:00","dateModified":"2022-01-03T12:28:54+00:00","breadcrumb":{"@id":"https:\/\/belgo-bearings.com\/en\/mining\/#breadcrumb"},"inLanguage":"tr","potentialAction":[{"@type":"ReadAction","target":["https:\/\/belgo-bearings.com\/en\/mining\/"]}]},{"@type":"BreadcrumbList","@id":"https:\/\/belgo-bearings.com\/en\/mining\/#breadcrumb","itemListElement":[{"@type":"ListItem","position":1,"name":"Anasayfa","item":"https:\/\/belgo-bearings.com\/"},{"@type":"ListItem","position":2,"name":"Mining"}]},{"@type":"WebSite","@id":"https:\/\/belgo-bearings.com\/ar\/#website","url":"https:\/\/belgo-bearings.com\/ar\/","name":"Belgo Bearings","description":"Go for Revolutionary Engineering","potentialAction":[{"@type":"SearchAction","target":{"@type":"EntryPoint","urlTemplate":"https:\/\/belgo-bearings.com\/ar\/?s={search_term_string}"},"query-input":{"@type":"PropertyValueSpecification","valueRequired":true,"valueName":"search_term_string"}}],"inLanguage":"tr"}]}},"_links":{"self":[{"href":"https:\/\/belgo-bearings.com\/tr\/wp-json\/wp\/v2\/pages\/86","targetHints":{"allow":["GET"]}}],"collection":[{"href":"https:\/\/belgo-bearings.com\/tr\/wp-json\/wp\/v2\/pages"}],"about":[{"href":"https:\/\/belgo-bearings.com\/tr\/wp-json\/wp\/v2\/types\/page"}],"author":[{"embeddable":true,"href":"https:\/\/belgo-bearings.com\/tr\/wp-json\/wp\/v2\/users\/1"}],"replies":[{"embeddable":true,"href":"https:\/\/belgo-bearings.com\/tr\/wp-json\/wp\/v2\/comments?post=86"}],"version-history":[{"count":0,"href":"https:\/\/belgo-bearings.com\/tr\/wp-json\/wp\/v2\/pages\/86\/revisions"}],"wp:attachment":[{"href":"https:\/\/belgo-bearings.com\/tr\/wp-json\/wp\/v2\/media?parent=86"}],"curies":[{"name":"wp","href":"https:\/\/api.w.org\/{rel}","templated":true}]}}